{"id":13,"date":"2021-08-31T06:34:53","date_gmt":"2021-08-31T06:34:53","guid":{"rendered":"https:\/\/ayrlynehydraulics.co.mz\/?page_id=13"},"modified":"2021-09-18T08:07:10","modified_gmt":"2021-09-18T08:07:10","slug":"sobre-nos","status":"publish","type":"page","link":"https:\/\/ayrlynehydraulics.co.mz\/?page_id=13","title":{"rendered":"Sobre n\u00f3s"},"content":{"rendered":"<p>[et_pb_section fb_built=&#8221;1&#8243; admin_label=&#8221;Hero&#8221; _builder_version=&#8221;4.10.5&#8243; use_background_color_gradient=&#8221;on&#8221; background_color_gradient_start=&#8221;rgba(40,40,40,0.79)&#8221; background_color_gradient_end=&#8221;rgba(40,40,40,0.86)&#8221; background_color_gradient_type=&#8221;radial&#8221; background_color_gradient_direction_radial=&#8221;top left&#8221; background_color_gradient_overlays_image=&#8221;on&#8221; background_image=&#8221;http:\/\/ayrlynehydraulics.co.mz\/wp-content\/uploads\/2021\/09\/teste-bombas-hidraulicas-ayrlyne-1.jpg&#8221; custom_margin=&#8221;||||false&#8221; custom_padding=&#8221;10vw||10vw||true|false&#8221; global_colors_info=&#8221;{}&#8221;][et_pb_row column_structure=&#8221;2_3,1_3&#8243; _builder_version=&#8221;4.10.5&#8243; hover_enabled=&#8221;0&#8243; global_colors_info=&#8221;{}&#8221; sticky_enabled=&#8221;0&#8243;][et_pb_column type=&#8221;2_3&#8243; _builder_version=&#8221;3.25&#8243; custom_padding=&#8221;|||&#8221; global_colors_info=&#8221;{}&#8221; custom_padding__hover=&#8221;|||&#8221;][et_pb_text _builder_version=&#8221;4.10.5&#8243; text_font=&#8221;||||||||&#8221; header_font=&#8221;Rubik|700|||||||&#8221; header_font_size=&#8221;59px&#8221; header_line_height=&#8221;1.4em&#8221; background_layout=&#8221;dark&#8221; max_width=&#8221;800px&#8221; custom_margin=&#8221;||0px|&#8221; custom_padding=&#8221;|||16px&#8221; hover_enabled=&#8221;0&#8243; text_font_size_tablet=&#8221;14px&#8221; text_font_size_last_edited=&#8221;off|desktop&#8221; header_font_size_tablet=&#8221;44px&#8221; header_font_size_phone=&#8221;32px&#8221; header_font_size_last_edited=&#8221;on|phone&#8221; border_color_all=&#8221;#c4162b&#8221; border_width_left=&#8221;10px&#8221; global_colors_info=&#8221;{%22gcid-0f8a69f3-e905-44b1-9bfa-b01489662219%22:%91%22border_color_all%22%93}&#8221; header_letter_spacing_last_edited=&#8221;on|phone&#8221; sticky_enabled=&#8221;0&#8243;]<\/p>\n<h1><span>SOBRE AYR LYNE &amp; HYDRAULICS MOZAMBIQUE, LDA<\/span><\/h1>\n<p>[\/et_pb_text][et_pb_text _builder_version=&#8221;4.10.5&#8243; text_font=&#8221;||||||||&#8221; text_font_size=&#8221;30px&#8221; text_line_height=&#8221;1.6em&#8221; header_font=&#8221;||||||||&#8221; background_layout=&#8221;dark&#8221; max_width=&#8221;800px&#8221; custom_margin=&#8221;|||&#8221; custom_padding=&#8221;20px||20px||true&#8221; text_font_size_tablet=&#8221;18px&#8221; text_font_size_phone=&#8221;&#8221; text_font_size_last_edited=&#8221;on|phone&#8221; global_colors_info=&#8221;{}&#8221;]<\/p>\n<p><strong>Seu parceiro na Hidr\u00e1ulica<\/strong><\/p>\n<p>[\/et_pb_text][et_pb_button button_text=&#8221;Ver Nossos Servi\u00e7os &#8221; _builder_version=&#8221;4.10.5&#8243; custom_button=&#8221;on&#8221; button_text_size=&#8221;14px&#8221; button_text_color=&#8221;#ffffff&#8221; button_bg_color=&#8221;#c4162b&#8221; button_border_width=&#8221;12px&#8221; button_border_color=&#8221;#c4162b&#8221; button_border_radius=&#8221;0px&#8221; button_letter_spacing=&#8221;4px&#8221; button_font=&#8221;Rubik|700||on|||||&#8221; button_icon=&#8221;%%3%%&#8221; background_layout=&#8221;dark&#8221; custom_margin=&#8221;|||&#8221; global_colors_info=&#8221;{}&#8221; button_text_size__hover_enabled=&#8221;off&#8221; button_one_text_size__hover_enabled=&#8221;off&#8221; button_two_text_size__hover_enabled=&#8221;off&#8221; button_text_color__hover_enabled=&#8221;off&#8221; button_one_text_color__hover_enabled=&#8221;off&#8221; button_two_text_color__hover_enabled=&#8221;off&#8221; button_border_width__hover_enabled=&#8221;off&#8221; button_one_border_width__hover_enabled=&#8221;off&#8221; button_two_border_width__hover_enabled=&#8221;off&#8221; button_border_color__hover_enabled=&#8221;off&#8221; button_one_border_color__hover_enabled=&#8221;off&#8221; button_two_border_color__hover_enabled=&#8221;off&#8221; button_border_radius__hover_enabled=&#8221;off&#8221; button_one_border_radius__hover_enabled=&#8221;off&#8221; button_two_border_radius__hover_enabled=&#8221;off&#8221; button_letter_spacing__hover_enabled=&#8221;off&#8221; button_one_letter_spacing__hover_enabled=&#8221;off&#8221; button_two_letter_spacing__hover_enabled=&#8221;off&#8221; button_bg_color__hover_enabled=&#8221;off&#8221; button_one_bg_color__hover_enabled=&#8221;off&#8221; button_two_bg_color__hover_enabled=&#8221;off&#8221;][\/et_pb_button][\/et_pb_column][et_pb_column type=&#8221;1_3&#8243; _builder_version=&#8221;3.25&#8243; custom_padding=&#8221;|||&#8221; global_colors_info=&#8221;{}&#8221; custom_padding__hover=&#8221;|||&#8221;][\/et_pb_column][\/et_pb_row][\/et_pb_section][et_pb_section fb_built=&#8221;1&#8243; admin_label=&#8221;About Us&#8221; _builder_version=&#8221;3.22&#8243; global_colors_info=&#8221;{}&#8221;][et_pb_row _builder_version=&#8221;3.25&#8243; global_colors_info=&#8221;{}&#8221;][et_pb_column type=&#8221;4_4&#8243; _builder_version=&#8221;3.25&#8243; custom_padding=&#8221;|||&#8221; global_colors_info=&#8221;{}&#8221; custom_padding__hover=&#8221;|||&#8221;][et_pb_text _builder_version=&#8221;4.10.5&#8243; text_font=&#8221;||||||||&#8221; header_font=&#8221;||||||||&#8221; header_2_font=&#8221;Rubik|700|||||||&#8221; header_2_font_size=&#8221;42px&#8221; header_2_line_height=&#8221;1.2em&#8221; text_orientation=&#8221;center&#8221; module_alignment=&#8221;center&#8221; custom_margin=&#8221;|||&#8221; custom_padding=&#8221;|||&#8221; header_2_font_size_tablet=&#8221;&#8221; header_2_font_size_phone=&#8221;36px&#8221; header_2_font_size_last_edited=&#8221;on|phone&#8221; locked=&#8221;off&#8221; global_colors_info=&#8221;{}&#8221;]<\/p>\n<h2><a href=\"https:\/\/ayrlynehydraulics.co.mz\/?page_id=13\">Sobre n\u00f3s<\/a><\/h2>\n<p>[\/et_pb_text][et_pb_divider color=&#8221;#c4162b&#8221; divider_position=&#8221;center&#8221; divider_weight=&#8221;5px&#8221; _builder_version=&#8221;4.10.5&#8243; max_width=&#8221;50px&#8221; module_alignment=&#8221;center&#8221; locked=&#8221;off&#8221; global_colors_info=&#8221;{%22gcid-0f8a69f3-e905-44b1-9bfa-b01489662219%22:%91%22color%22%93}&#8221;][\/et_pb_divider][\/et_pb_column][\/et_pb_row][et_pb_row column_structure=&#8221;1_2,1_2&#8243; _builder_version=&#8221;3.25&#8243; global_colors_info=&#8221;{}&#8221;][et_pb_column type=&#8221;1_2&#8243; _builder_version=&#8221;3.25&#8243; custom_padding=&#8221;|||&#8221; global_colors_info=&#8221;{}&#8221; custom_padding__hover=&#8221;|||&#8221;][et_pb_text _builder_version=&#8221;4.10.5&#8243; text_font=&#8221;||||||||&#8221; text_font_size=&#8221;15px&#8221; text_line_height=&#8221;1.8em&#8221; custom_padding=&#8221;|||&#8221; custom_padding_tablet=&#8221;|40px||40px||true&#8221; custom_padding_last_edited=&#8221;off|desktop&#8221; global_colors_info=&#8221;{}&#8221;]<\/p>\n<p><span>A <strong>AYR LYNE &amp; HYDRAULICS<\/strong> foi fundada em Mo\u00e7ambique na prov\u00edncia de Tete no ano de 2009, como empresa prestadora de servi\u00e7os em todas as \u00e1reas hidr\u00e1ulicas. Desde ent\u00e3o, crescendo e contando com mais de 50 funcion\u00e1rios permanentes e constru\u00edmos uma nova oficina, que abriu-se no inicio do ano de 2018.<\/span><\/p>\n<p><span>Contamos tamb\u00e9m com um centro de reparos hidr\u00e1ulicos e de engenharia na prov\u00edncia de<strong> Cabo Delgado<\/strong>, que atende a ind\u00fastria regional de minera\u00e7\u00e3o e gas.<\/span><\/p>\n<p>[\/et_pb_text][\/et_pb_column][et_pb_column type=&#8221;1_2&#8243; _builder_version=&#8221;3.25&#8243; custom_padding=&#8221;|||&#8221; global_colors_info=&#8221;{}&#8221; custom_padding__hover=&#8221;|||&#8221;][et_pb_text _builder_version=&#8221;4.10.5&#8243; text_font=&#8221;||||||||&#8221; text_font_size=&#8221;15px&#8221; text_line_height=&#8221;1.8em&#8221; custom_padding=&#8221;|||&#8221; custom_padding_tablet=&#8221;|40px||40px||true&#8221; custom_padding_last_edited=&#8221;off|desktop&#8221; locked=&#8221;off&#8221; global_colors_info=&#8221;{}&#8221;]<\/p>\n<p><span>N\u00f3s investimos em nossa equipe com cursos de treinamentos certificados internacionalmente. Tamb\u00e9m aderimos as maquinas mais recentes da regi\u00e3o.<\/span><\/p>\n<p><span>N\u00f3s nos orgulhamos em total conformidade com os regulamentos de Sa\u00fade e Seguran\u00e7a da ind\u00fastria de minera\u00e7\u00e3o.<\/span><\/p>\n<p><span>Onde a seguran\u00e7a est\u00e1 em causa, n\u00e3o h\u00e1 compromisso. \u00a0\u00a0\u00a0\u00a0\u00a0\u00a0\u00a0<\/span><\/p>\n<p>[\/et_pb_text][\/et_pb_column][\/et_pb_row][\/et_pb_section]<\/p>\n","protected":false},"excerpt":{"rendered":"<p>SOBRE AYR LYNE &amp; HYDRAULICS MOZAMBIQUE, LDASeu parceiro na Hidr\u00e1ulicaSobre n\u00f3sA AYR LYNE &amp; HYDRAULICS foi fundada em Mo\u00e7ambique na prov\u00edncia de Tete no ano de 2009, como empresa prestadora de servi\u00e7os em todas as \u00e1reas hidr\u00e1ulicas. Desde ent\u00e3o, crescendo e contando com mais de 50 funcion\u00e1rios permanentes e constru\u00edmos uma nova oficina, que abriu-se [&hellip;]<\/p>\n","protected":false},"author":1,"featured_media":0,"parent":0,"menu_order":0,"comment_status":"closed","ping_status":"closed","template":"","meta":{"_et_pb_use_builder":"on","_et_pb_old_content":"","_et_gb_content_width":"","om_disable_all_campaigns":false,"_monsterinsights_skip_tracking":false,"_monsterinsights_sitenote_active":false,"_monsterinsights_sitenote_note":"","_monsterinsights_sitenote_category":0,"footnotes":""},"class_list":["post-13","page","type-page","status-publish","hentry"],"yoast_head":"<!-- This site is optimized with the Yoast SEO plugin v19.3 - https:\/\/yoast.com\/wordpress\/plugins\/seo\/ -->\n<title>Sobre n\u00f3s - AYR LYNE &amp; HYDRAULICS MOZAMBIQUE, LDA<\/title>\n<meta name=\"robots\" content=\"index, follow, max-snippet:-1, max-image-preview:large, max-video-preview:-1\" \/>\n<link rel=\"canonical\" href=\"https:\/\/ayrlynehydraulics.co.mz\/?page_id=13\" \/>\n<meta property=\"og:locale\" content=\"en_US\" \/>\n<meta property=\"og:type\" content=\"article\" \/>\n<meta property=\"og:title\" content=\"Sobre n\u00f3s - AYR LYNE &amp; HYDRAULICS MOZAMBIQUE, LDA\" \/>\n<meta property=\"og:description\" content=\"SOBRE AYR LYNE &amp; HYDRAULICS MOZAMBIQUE, LDASeu parceiro na Hidr\u00e1ulicaSobre n\u00f3sA AYR LYNE &amp; HYDRAULICS foi fundada em Mo\u00e7ambique na prov\u00edncia de Tete no ano de 2009, como empresa prestadora de servi\u00e7os em todas as \u00e1reas hidr\u00e1ulicas. Desde ent\u00e3o, crescendo e contando com mais de 50 funcion\u00e1rios permanentes e constru\u00edmos uma nova oficina, que abriu-se [&hellip;]\" \/>\n<meta property=\"og:url\" content=\"https:\/\/ayrlynehydraulics.co.mz\/?page_id=13\" \/>\n<meta property=\"og:site_name\" content=\"AYR LYNE &amp; HYDRAULICS MOZAMBIQUE, LDA\" \/>\n<meta property=\"article:modified_time\" content=\"2021-09-18T08:07:10+00:00\" \/>\n<meta name=\"twitter:card\" content=\"summary_large_image\" \/>\n<meta name=\"twitter:label1\" content=\"Est. reading time\" \/>\n\t<meta name=\"twitter:data1\" content=\"4 minutes\" \/>\n<script type=\"application\/ld+json\" class=\"yoast-schema-graph\">{\"@context\":\"https:\/\/schema.org\",\"@graph\":[{\"@type\":\"Organization\",\"@id\":\"https:\/\/ayrlynehydraulics.co.mz\/#organization\",\"name\":\"AYR LYNE & HYDRAULICS MOZAMBIQUE, LDA\",\"url\":\"https:\/\/ayrlynehydraulics.co.mz\/\",\"sameAs\":[],\"logo\":{\"@type\":\"ImageObject\",\"inLanguage\":\"en-US\",\"@id\":\"https:\/\/ayrlynehydraulics.co.mz\/#\/schema\/logo\/image\/\",\"url\":\"https:\/\/ayrlynehydraulics.co.mz\/wp-content\/uploads\/2021\/09\/Logo-Transparente-1.png\",\"contentUrl\":\"https:\/\/ayrlynehydraulics.co.mz\/wp-content\/uploads\/2021\/09\/Logo-Transparente-1.png\",\"width\":1064,\"height\":234,\"caption\":\"AYR LYNE & HYDRAULICS MOZAMBIQUE, LDA\"},\"image\":{\"@id\":\"https:\/\/ayrlynehydraulics.co.mz\/#\/schema\/logo\/image\/\"}},{\"@type\":\"WebSite\",\"@id\":\"https:\/\/ayrlynehydraulics.co.mz\/#website\",\"url\":\"https:\/\/ayrlynehydraulics.co.mz\/\",\"name\":\"ayrlynehydraulics.co.mz\",\"description\":\"AYR LYNE &amp; HYDRAULICS MOZAMBIQUE, LDA\",\"publisher\":{\"@id\":\"https:\/\/ayrlynehydraulics.co.mz\/#organization\"},\"potentialAction\":[{\"@type\":\"SearchAction\",\"target\":{\"@type\":\"EntryPoint\",\"urlTemplate\":\"https:\/\/ayrlynehydraulics.co.mz\/?s={search_term_string}\"},\"query-input\":\"required name=search_term_string\"}],\"inLanguage\":\"en-US\"},{\"@type\":\"WebPage\",\"@id\":\"https:\/\/ayrlynehydraulics.co.mz\/?page_id=13\",\"url\":\"https:\/\/ayrlynehydraulics.co.mz\/?page_id=13\",\"name\":\"Sobre n\u00f3s - AYR LYNE &amp; HYDRAULICS MOZAMBIQUE, LDA\",\"isPartOf\":{\"@id\":\"https:\/\/ayrlynehydraulics.co.mz\/#website\"},\"datePublished\":\"2021-08-31T06:34:53+00:00\",\"dateModified\":\"2021-09-18T08:07:10+00:00\",\"breadcrumb\":{\"@id\":\"https:\/\/ayrlynehydraulics.co.mz\/?page_id=13#breadcrumb\"},\"inLanguage\":\"en-US\",\"potentialAction\":[{\"@type\":\"ReadAction\",\"target\":[\"https:\/\/ayrlynehydraulics.co.mz\/?page_id=13\"]}]},{\"@type\":\"BreadcrumbList\",\"@id\":\"https:\/\/ayrlynehydraulics.co.mz\/?page_id=13#breadcrumb\",\"itemListElement\":[{\"@type\":\"ListItem\",\"position\":1,\"name\":\"Home\",\"item\":\"https:\/\/ayrlynehydraulics.co.mz\/\"},{\"@type\":\"ListItem\",\"position\":2,\"name\":\"Sobre n\u00f3s\"}]}]}<\/script>\n<!-- \/ Yoast SEO plugin. -->","yoast_head_json":{"title":"Sobre n\u00f3s - AYR LYNE &amp; HYDRAULICS MOZAMBIQUE, LDA","robots":{"index":"index","follow":"follow","max-snippet":"max-snippet:-1","max-image-preview":"max-image-preview:large","max-video-preview":"max-video-preview:-1"},"canonical":"https:\/\/ayrlynehydraulics.co.mz\/?page_id=13","og_locale":"en_US","og_type":"article","og_title":"Sobre n\u00f3s - AYR LYNE &amp; HYDRAULICS MOZAMBIQUE, LDA","og_description":"SOBRE AYR LYNE &amp; HYDRAULICS MOZAMBIQUE, LDASeu parceiro na Hidr\u00e1ulicaSobre n\u00f3sA AYR LYNE &amp; HYDRAULICS foi fundada em Mo\u00e7ambique na prov\u00edncia de Tete no ano de 2009, como empresa prestadora de servi\u00e7os em todas as \u00e1reas hidr\u00e1ulicas. Desde ent\u00e3o, crescendo e contando com mais de 50 funcion\u00e1rios permanentes e constru\u00edmos uma nova oficina, que abriu-se [&hellip;]","og_url":"https:\/\/ayrlynehydraulics.co.mz\/?page_id=13","og_site_name":"AYR LYNE &amp; HYDRAULICS MOZAMBIQUE, LDA","article_modified_time":"2021-09-18T08:07:10+00:00","twitter_card":"summary_large_image","twitter_misc":{"Est. reading time":"4 minutes"},"schema":{"@context":"https:\/\/schema.org","@graph":[{"@type":"Organization","@id":"https:\/\/ayrlynehydraulics.co.mz\/#organization","name":"AYR LYNE & HYDRAULICS MOZAMBIQUE, LDA","url":"https:\/\/ayrlynehydraulics.co.mz\/","sameAs":[],"logo":{"@type":"ImageObject","inLanguage":"en-US","@id":"https:\/\/ayrlynehydraulics.co.mz\/#\/schema\/logo\/image\/","url":"https:\/\/ayrlynehydraulics.co.mz\/wp-content\/uploads\/2021\/09\/Logo-Transparente-1.png","contentUrl":"https:\/\/ayrlynehydraulics.co.mz\/wp-content\/uploads\/2021\/09\/Logo-Transparente-1.png","width":1064,"height":234,"caption":"AYR LYNE & HYDRAULICS MOZAMBIQUE, LDA"},"image":{"@id":"https:\/\/ayrlynehydraulics.co.mz\/#\/schema\/logo\/image\/"}},{"@type":"WebSite","@id":"https:\/\/ayrlynehydraulics.co.mz\/#website","url":"https:\/\/ayrlynehydraulics.co.mz\/","name":"ayrlynehydraulics.co.mz","description":"AYR LYNE &amp; HYDRAULICS MOZAMBIQUE, LDA","publisher":{"@id":"https:\/\/ayrlynehydraulics.co.mz\/#organization"},"potentialAction":[{"@type":"SearchAction","target":{"@type":"EntryPoint","urlTemplate":"https:\/\/ayrlynehydraulics.co.mz\/?s={search_term_string}"},"query-input":"required name=search_term_string"}],"inLanguage":"en-US"},{"@type":"WebPage","@id":"https:\/\/ayrlynehydraulics.co.mz\/?page_id=13","url":"https:\/\/ayrlynehydraulics.co.mz\/?page_id=13","name":"Sobre n\u00f3s - AYR LYNE &amp; HYDRAULICS MOZAMBIQUE, LDA","isPartOf":{"@id":"https:\/\/ayrlynehydraulics.co.mz\/#website"},"datePublished":"2021-08-31T06:34:53+00:00","dateModified":"2021-09-18T08:07:10+00:00","breadcrumb":{"@id":"https:\/\/ayrlynehydraulics.co.mz\/?page_id=13#breadcrumb"},"inLanguage":"en-US","potentialAction":[{"@type":"ReadAction","target":["https:\/\/ayrlynehydraulics.co.mz\/?page_id=13"]}]},{"@type":"BreadcrumbList","@id":"https:\/\/ayrlynehydraulics.co.mz\/?page_id=13#breadcrumb","itemListElement":[{"@type":"ListItem","position":1,"name":"Home","item":"https:\/\/ayrlynehydraulics.co.mz\/"},{"@type":"ListItem","position":2,"name":"Sobre n\u00f3s"}]}]}},"_links":{"self":[{"href":"https:\/\/ayrlynehydraulics.co.mz\/index.php?rest_route=\/wp\/v2\/pages\/13","targetHints":{"allow":["GET"]}}],"collection":[{"href":"https:\/\/ayrlynehydraulics.co.mz\/index.php?rest_route=\/wp\/v2\/pages"}],"about":[{"href":"https:\/\/ayrlynehydraulics.co.mz\/index.php?rest_route=\/wp\/v2\/types\/page"}],"author":[{"embeddable":true,"href":"https:\/\/ayrlynehydraulics.co.mz\/index.php?rest_route=\/wp\/v2\/users\/1"}],"replies":[{"embeddable":true,"href":"https:\/\/ayrlynehydraulics.co.mz\/index.php?rest_route=%2Fwp%2Fv2%2Fcomments&post=13"}],"version-history":[{"count":12,"href":"https:\/\/ayrlynehydraulics.co.mz\/index.php?rest_route=\/wp\/v2\/pages\/13\/revisions"}],"predecessor-version":[{"id":461,"href":"https:\/\/ayrlynehydraulics.co.mz\/index.php?rest_route=\/wp\/v2\/pages\/13\/revisions\/461"}],"wp:attachment":[{"href":"https:\/\/ayrlynehydraulics.co.mz\/index.php?rest_route=%2Fwp%2Fv2%2Fmedia&parent=13"}],"curies":[{"name":"wp","href":"https:\/\/api.w.org\/{rel}","templated":true}]}}